{"id":211,"date":"2016-04-28T05:23:07","date_gmt":"2016-04-28T05:23:07","guid":{"rendered":"http:\/\/demo.massivedynamic.co\/health-care\/?page_id=5"},"modified":"2021-01-15T10:23:08","modified_gmt":"2021-01-15T10:23:08","slug":"home","status":"publish","type":"page","link":"https:\/\/vetfigueiro.com\/en\/","title":{"rendered":"Home"},"content":{"rendered":"<p><\/p>","protected":false},"excerpt":{"rendered":"","protected":false},"author":1,"featured_media":0,"parent":0,"menu_order":0,"comment_status":"closed","ping_status":"closed","template":"","meta":[],"yoast_head":"<!-- This site is optimized with the Yoast SEO plugin v15.6.2 - https:\/\/yoast.com\/wordpress\/plugins\/seo\/ -->\n<title>VetFigueir\u00f3 - VetAnsi\u00e3o - Servi\u00e7os Veterin\u00e1rios<\/title>\n<meta name=\"description\" content=\"Centros Veterin\u00e1rios VetFigueir\u00f3 e VetAnsi\u00e3o\" \/>\n<meta name=\"robots\" content=\"index, follow, max-snippet:-1, max-image-preview:large, max-video-preview:-1\" \/>\n<link rel=\"canonical\" href=\"https:\/\/vetfigueiro.com\/\" \/>\n<meta property=\"og:locale\" content=\"en_US\" \/>\n<meta property=\"og:type\" content=\"article\" \/>\n<meta property=\"og:title\" content=\"VetFigueir\u00f3 - VetAnsi\u00e3o - Servi\u00e7os Veterin\u00e1rios\" \/>\n<meta property=\"og:description\" content=\"Centros Veterin\u00e1rios VetFigueir\u00f3 e VetAnsi\u00e3o\" \/>\n<meta property=\"og:url\" content=\"https:\/\/vetfigueiro.com\/\" \/>\n<meta property=\"og:site_name\" content=\"VetFigueir\u00f3\" \/>\n<meta property=\"article:publisher\" content=\"https:\/\/www.facebook.com\/Vetfigueiro\" \/>\n<meta property=\"article:modified_time\" content=\"2021-01-15T10:23:08+00:00\" \/>\n<meta property=\"og:image\" content=\"https:\/\/vetfigueiro.com\/wp-content\/uploads\/2020\/10\/Vet_Figueiro\u2560u-6-scaled.jpg\" \/>\n\t<meta property=\"og:image:width\" content=\"2560\" \/>\n\t<meta property=\"og:image:height\" content=\"1706\" \/>\n<meta name=\"twitter:card\" content=\"summary_large_image\" \/>\n<meta name=\"twitter:label1\" content=\"Est. reading time\">\n\t<meta name=\"twitter:data1\" content=\"58 minutes\">\n<script type=\"application\/ld+json\" class=\"yoast-schema-graph\">{\"@context\":\"https:\/\/schema.org\",\"@graph\":[{\"@type\":\"Organization\",\"@id\":\"https:\/\/vetfigueiro.com\/#organization\",\"name\":\"VetFigueir\\u00f3 - Servi\\u00e7os Veterin\\u00e1rios\",\"url\":\"https:\/\/vetfigueiro.com\/\",\"sameAs\":[\"https:\/\/www.facebook.com\/Vetfigueiro\",\"https:\/\/www.instagram.com\/explore\/locations\/745035212330495\/vetfigueiro-vetansiao-centros-veterinarios\/\"],\"logo\":{\"@type\":\"ImageObject\",\"@id\":\"https:\/\/vetfigueiro.com\/#logo\",\"inLanguage\":\"en-US\",\"url\":\"https:\/\/vetfigueiro.com\/wp-content\/uploads\/2020\/10\/logo-vet-01-1-1.png\",\"width\":6179,\"height\":2779,\"caption\":\"VetFigueir\\u00f3 - Servi\\u00e7os Veterin\\u00e1rios\"},\"image\":{\"@id\":\"https:\/\/vetfigueiro.com\/#logo\"}},{\"@type\":\"WebSite\",\"@id\":\"https:\/\/vetfigueiro.com\/#website\",\"url\":\"https:\/\/vetfigueiro.com\/\",\"name\":\"VetFigueir\\u00f3\",\"description\":\"Servi&ccedil;os Veterin&aacute;rios\",\"publisher\":{\"@id\":\"https:\/\/vetfigueiro.com\/#organization\"},\"potentialAction\":[{\"@type\":\"SearchAction\",\"target\":\"https:\/\/vetfigueiro.com\/?s={search_term_string}\",\"query-input\":\"required name=search_term_string\"}],\"inLanguage\":\"en-US\"},{\"@type\":\"WebPage\",\"@id\":\"https:\/\/vetfigueiro.com\/#webpage\",\"url\":\"https:\/\/vetfigueiro.com\/\",\"name\":\"VetFigueir\\u00f3 - VetAnsi\\u00e3o - Servi\\u00e7os Veterin\\u00e1rios\",\"isPartOf\":{\"@id\":\"https:\/\/vetfigueiro.com\/#website\"},\"datePublished\":\"2016-04-28T05:23:07+00:00\",\"dateModified\":\"2021-01-15T10:23:08+00:00\",\"description\":\"Centros Veterin\\u00e1rios VetFigueir\\u00f3 e VetAnsi\\u00e3o\",\"inLanguage\":\"en-US\",\"potentialAction\":[{\"@type\":\"ReadAction\",\"target\":[\"https:\/\/vetfigueiro.com\/\"]}]}]}<\/script>\n<!-- \/ Yoast SEO plugin. -->","_links":{"self":[{"href":"https:\/\/vetfigueiro.com\/en\/wp-json\/wp\/v2\/pages\/211"}],"collection":[{"href":"https:\/\/vetfigueiro.com\/en\/wp-json\/wp\/v2\/pages"}],"about":[{"href":"https:\/\/vetfigueiro.com\/en\/wp-json\/wp\/v2\/types\/page"}],"author":[{"embeddable":true,"href":"https:\/\/vetfigueiro.com\/en\/wp-json\/wp\/v2\/users\/1"}],"replies":[{"embeddable":true,"href":"https:\/\/vetfigueiro.com\/en\/wp-json\/wp\/v2\/comments?post=211"}],"version-history":[{"count":166,"href":"https:\/\/vetfigueiro.com\/en\/wp-json\/wp\/v2\/pages\/211\/revisions"}],"predecessor-version":[{"id":5287,"href":"https:\/\/vetfigueiro.com\/en\/wp-json\/wp\/v2\/pages\/211\/revisions\/5287"}],"wp:attachment":[{"href":"https:\/\/vetfigueiro.com\/en\/wp-json\/wp\/v2\/media?parent=211"}],"curies":[{"name":"wp","href":"https:\/\/api.w.org\/{rel}","templated":true}]}}